{"id":103,"date":"2021-06-21T12:29:02","date_gmt":"2021-06-21T12:29:02","guid":{"rendered":"http:\/\/olihueso.es\/Inicio\/?page_id=103"},"modified":"2021-10-29T14:19:41","modified_gmt":"2021-10-29T12:19:41","slug":"otros-productos","status":"publish","type":"page","link":"https:\/\/olihueso.es\/Inicio\/otros-productos\/","title":{"rendered":"Otros productos combustibles"},"content":{"rendered":"\t\t<div data-elementor-type=\"wp-page\" data-elementor-id=\"103\" class=\"elementor elementor-103\" data-elementor-post-type=\"page\">\n\t\t\t\t\t\t<section class=\"elementor-section elementor-top-section elementor-element elementor-element-10e2e54a elementor-section-boxed elementor-section-height-default elementor-section-height-default\" data-id=\"10e2e54a\" data-element_type=\"section\" data-e-type=\"section\">\n\t\t\t\t\t\t<div class=\"elementor-container elementor-column-gap-default\">\n\t\t\t\t\t<div class=\"elementor-column elementor-col-100 elementor-top-column elementor-element elementor-element-4aed1ef8\" data-id=\"4aed1ef8\" data-element_type=\"column\" data-e-type=\"column\">\n\t\t\t<div class=\"elementor-widget-wrap elementor-element-populated\">\n\t\t\t\t\t\t<section class=\"elementor-section elementor-inner-section elementor-element elementor-element-f192c6b elementor-section-boxed elementor-section-height-default elementor-section-height-default\" data-id=\"f192c6b\" data-element_type=\"section\" data-e-type=\"section\">\n\t\t\t\t\t\t<div class=\"elementor-container elementor-column-gap-default\">\n\t\t\t\t\t<div class=\"elementor-column elementor-col-50 elementor-inner-column elementor-element elementor-element-9155ba2\" data-id=\"9155ba2\" data-element_type=\"column\" data-e-type=\"column\">\n\t\t\t<div class=\"elementor-widget-wrap elementor-element-populated\">\n\t\t\t\t\t\t<div class=\"elementor-element elementor-element-1e2607a5 elementor-widget elementor-widget-text-editor\" data-id=\"1e2607a5\" data-element_type=\"widget\" data-e-type=\"widget\" data-widget_type=\"text-editor.default\">\n\t\t\t\t<div class=\"elementor-widget-container\">\n\t\t\t\t\t\t\t\t\t\n<h2 class=\"wp-block-heading\"><strong>C\u00e1scara de Almendra<\/strong><\/h2>\n\n\n\n<p>Otra de las alternativas m\u00e1s utilizadas como productos combustibles es la c\u00e1scara de almendra. Se trata de un combustible limpio, econ\u00f3mico y con un elevado poder calor\u00edfico. Como otros productos combustibles como el <a href=\"http:\/\/olihueso.es\/Inicio\/hueso-de-la-aceituna\/\" target=\"_blank\" rel=\"noreferrer noopener\">hueso de aceituna<\/a> o el <a href=\"http:\/\/olihueso.es\/Inicio\/pellet\/\">pellet<\/a>, es 100% natural por lo que se trata de un combustible cuidadoso con el medio ambiente. <\/p>\n\n\n\n<p>La c\u00e1scara de almendra es la cubierta dura y exterior del fruto cuando se le quita la corteza verde que, generalmente cubre la almendra.<\/p>\n\n\n\n<p>El poder calor\u00edfico de la c\u00e1scara de almendra es bastante significativo ya que es comparable con el de otros productos combustibles. Concretamente llega a lograr los 4.700 kcal\/kg. La biomasa genera pocas cenizas, que adem\u00e1s pueden ser reutilizadas para abonar plantas o huertos y tampoco genera ning\u00fan tipo de mal olor.<\/p>\n\n\n\n<h2 class=\"wp-block-heading\"><strong>Orujillo<\/strong><\/h2>\n\n\n\n<p>El orujillo es un residuo procedente de la aceituna. Se produce tras extraer el aceite que queda en los residuos del proceso de extracci\u00f3n del aceite. Hay una peque\u00f1a cantidad de aceite contenida en los residuos que deja el proceso de producci\u00f3n del Aceite de Oliva que puede extraerse mediante procesos qu\u00edmicos. Ese residuo resultante es el orujillo. <\/p>\n\t\t\t\t\t\t\t\t<\/div>\n\t\t\t\t<\/div>\n\t\t\t\t\t<\/div>\n\t\t<\/div>\n\t\t\t\t<div class=\"elementor-column elementor-col-50 elementor-inner-column elementor-element elementor-element-410d8e4\" data-id=\"410d8e4\" data-element_type=\"column\" data-e-type=\"column\">\n\t\t\t<div class=\"elementor-widget-wrap elementor-element-populated\">\n\t\t\t\t\t\t<div class=\"elementor-element elementor-element-8dabfbf elementor-widget elementor-widget-image\" data-id=\"8dabfbf\" data-element_type=\"widget\" data-e-type=\"widget\" data-widget_type=\"image.default\">\n\t\t\t\t<div class=\"elementor-widget-container\">\n\t\t\t\t\t\t\t\t\t\t\t\t\t\t\t<img fetchpriority=\"high\" decoding=\"async\" width=\"1024\" height=\"576\" src=\"https:\/\/olihueso.es\/Inicio\/wp-content\/uploads\/2021\/10\/cascara-de-almendra-1024x576.jpeg\" class=\"attachment-large size-large wp-image-490\" alt=\"\" srcset=\"https:\/\/olihueso.es\/Inicio\/wp-content\/uploads\/2021\/10\/cascara-de-almendra-1024x576.jpeg 1024w, https:\/\/olihueso.es\/Inicio\/wp-content\/uploads\/2021\/10\/cascara-de-almendra-300x169.jpeg 300w, https:\/\/olihueso.es\/Inicio\/wp-content\/uploads\/2021\/10\/cascara-de-almendra-768x432.jpeg 768w, https:\/\/olihueso.es\/Inicio\/wp-content\/uploads\/2021\/10\/cascara-de-almendra-1536x864.jpeg 1536w, https:\/\/olihueso.es\/Inicio\/wp-content\/uploads\/2021\/10\/cascara-de-almendra.jpeg 1900w\" sizes=\"(max-width: 1024px) 100vw, 1024px\" \/>\t\t\t\t\t\t\t\t\t\t\t\t\t\t\t<\/div>\n\t\t\t\t<\/div>\n\t\t\t\t<div class=\"elementor-element elementor-element-4fd4719 elementor-widget elementor-widget-image\" data-id=\"4fd4719\" data-element_type=\"widget\" data-e-type=\"widget\" data-widget_type=\"image.default\">\n\t\t\t\t<div class=\"elementor-widget-container\">\n\t\t\t\t\t\t\t\t\t\t\t\t\t\t\t<img decoding=\"async\" width=\"404\" height=\"224\" src=\"https:\/\/olihueso.es\/Inicio\/wp-content\/uploads\/2021\/10\/orujillo.jpeg\" class=\"attachment-large size-large wp-image-492\" alt=\"\" srcset=\"https:\/\/olihueso.es\/Inicio\/wp-content\/uploads\/2021\/10\/orujillo.jpeg 404w, https:\/\/olihueso.es\/Inicio\/wp-content\/uploads\/2021\/10\/orujillo-300x166.jpeg 300w\" sizes=\"(max-width: 404px) 100vw, 404px\" \/>\t\t\t\t\t\t\t\t\t\t\t\t\t\t\t<\/div>\n\t\t\t\t<\/div>\n\t\t\t\t\t<\/div>\n\t\t<\/div>\n\t\t\t\t\t<\/div>\n\t\t<\/section>\n\t\t\t\t\t<\/div>\n\t\t<\/div>\n\t\t\t\t\t<\/div>\n\t\t<\/section>\n\t\t\t\t<\/div>\n\t\t","protected":false},"excerpt":{"rendered":"<p>C\u00e1scara de Almendra Otra de las alternativas m\u00e1s utilizadas como productos combustibles es la c\u00e1scara de almendra. Se trata de un combustible limpio, econ\u00f3mico y con un elevado poder calor\u00edfico. Como otros productos combustibles como el hueso de aceituna o el pellet, es 100% natural por lo que se trata de un combustible cuidadoso con &#8230; <a title=\"Otros productos combustibles\" class=\"read-more\" href=\"https:\/\/olihueso.es\/Inicio\/otros-productos\/\" aria-label=\"Leer m\u00e1s sobre Otros productos combustibles\">Leer m\u00e1s<\/a><\/p>\n","protected":false},"author":2,"featured_media":490,"parent":0,"menu_order":0,"comment_status":"closed","ping_status":"closed","template":"","meta":{"_joinchat":[],"footnotes":""},"class_list":["post-103","page","type-page","status-publish","has-post-thumbnail"],"yoast_head":"<!-- This site is optimized with the Yoast SEO plugin v26.9 - https:\/\/yoast.com\/product\/yoast-seo-wordpress\/ -->\n<title>Otros productos combustibles | Olihueso<\/title>\n<meta name=\"robots\" content=\"index, follow, max-snippet:-1, max-image-preview:large, max-video-preview:-1\" \/>\n<link rel=\"canonical\" href=\"https:\/\/olihueso.es\/Inicio\/otros-productos\/\" \/>\n<meta property=\"og:locale\" content=\"es_ES\" \/>\n<meta property=\"og:type\" content=\"article\" \/>\n<meta property=\"og:title\" content=\"Otros productos combustibles | Olihueso\" \/>\n<meta property=\"og:description\" content=\"C\u00e1scara de Almendra Otra de las alternativas m\u00e1s utilizadas como productos combustibles es la c\u00e1scara de almendra. Se trata de un combustible limpio, econ\u00f3mico y con un elevado poder calor\u00edfico. Como otros productos combustibles como el hueso de aceituna o el pellet, es 100% natural por lo que se trata de un combustible cuidadoso con ... Leer m\u00e1s\" \/>\n<meta property=\"og:url\" content=\"https:\/\/olihueso.es\/Inicio\/otros-productos\/\" \/>\n<meta property=\"og:site_name\" content=\"Olihueso | Hueso de Aceituna\" \/>\n<meta property=\"article:modified_time\" content=\"2021-10-29T12:19:41+00:00\" \/>\n<meta property=\"og:image\" content=\"https:\/\/olihueso.es\/Inicio\/wp-content\/uploads\/2021\/10\/cascara-de-almendra.jpeg\" \/>\n\t<meta property=\"og:image:width\" content=\"1900\" \/>\n\t<meta property=\"og:image:height\" content=\"1069\" \/>\n\t<meta property=\"og:image:type\" content=\"image\/jpeg\" \/>\n<meta name=\"twitter:card\" content=\"summary_large_image\" \/>\n<meta name=\"twitter:label1\" content=\"Tiempo de lectura\" \/>\n\t<meta name=\"twitter:data1\" content=\"2 minutos\" \/>\n<script type=\"application\/ld+json\" class=\"yoast-schema-graph\">{\"@context\":\"https:\/\/schema.org\",\"@graph\":[{\"@type\":\"WebPage\",\"@id\":\"https:\/\/olihueso.es\/Inicio\/otros-productos\/\",\"url\":\"https:\/\/olihueso.es\/Inicio\/otros-productos\/\",\"name\":\"Otros productos combustibles | Olihueso\",\"isPartOf\":{\"@id\":\"https:\/\/olihueso.es\/Inicio\/#website\"},\"primaryImageOfPage\":{\"@id\":\"https:\/\/olihueso.es\/Inicio\/otros-productos\/#primaryimage\"},\"image\":{\"@id\":\"https:\/\/olihueso.es\/Inicio\/otros-productos\/#primaryimage\"},\"thumbnailUrl\":\"https:\/\/olihueso.es\/Inicio\/wp-content\/uploads\/2021\/10\/cascara-de-almendra.jpeg\",\"datePublished\":\"2021-06-21T12:29:02+00:00\",\"dateModified\":\"2021-10-29T12:19:41+00:00\",\"breadcrumb\":{\"@id\":\"https:\/\/olihueso.es\/Inicio\/otros-productos\/#breadcrumb\"},\"inLanguage\":\"es\",\"potentialAction\":[{\"@type\":\"ReadAction\",\"target\":[\"https:\/\/olihueso.es\/Inicio\/otros-productos\/\"]}]},{\"@type\":\"ImageObject\",\"inLanguage\":\"es\",\"@id\":\"https:\/\/olihueso.es\/Inicio\/otros-productos\/#primaryimage\",\"url\":\"https:\/\/olihueso.es\/Inicio\/wp-content\/uploads\/2021\/10\/cascara-de-almendra.jpeg\",\"contentUrl\":\"https:\/\/olihueso.es\/Inicio\/wp-content\/uploads\/2021\/10\/cascara-de-almendra.jpeg\",\"width\":1900,\"height\":1069},{\"@type\":\"BreadcrumbList\",\"@id\":\"https:\/\/olihueso.es\/Inicio\/otros-productos\/#breadcrumb\",\"itemListElement\":[{\"@type\":\"ListItem\",\"position\":1,\"name\":\"Portada\",\"item\":\"https:\/\/olihueso.es\/Inicio\/\"},{\"@type\":\"ListItem\",\"position\":2,\"name\":\"Otros productos combustibles\"}]},{\"@type\":\"WebSite\",\"@id\":\"https:\/\/olihueso.es\/Inicio\/#website\",\"url\":\"https:\/\/olihueso.es\/Inicio\/\",\"name\":\"Olihueso | Hueso de Aceituna\",\"description\":\"Venta de Hueso de Aceituna para estufas y calderas\",\"publisher\":{\"@id\":\"https:\/\/olihueso.es\/Inicio\/#organization\"},\"potentialAction\":[{\"@type\":\"SearchAction\",\"target\":{\"@type\":\"EntryPoint\",\"urlTemplate\":\"https:\/\/olihueso.es\/Inicio\/?s={search_term_string}\"},\"query-input\":{\"@type\":\"PropertyValueSpecification\",\"valueRequired\":true,\"valueName\":\"search_term_string\"}}],\"inLanguage\":\"es\"},{\"@type\":\"Organization\",\"@id\":\"https:\/\/olihueso.es\/Inicio\/#organization\",\"name\":\"OLIHUESO S.L\",\"url\":\"https:\/\/olihueso.es\/Inicio\/\",\"logo\":{\"@type\":\"ImageObject\",\"inLanguage\":\"es\",\"@id\":\"https:\/\/olihueso.es\/Inicio\/#\/schema\/logo\/image\/\",\"url\":\"http:\/\/olihueso.es\/Inicio\/wp-content\/uploads\/2021\/03\/Hoja-sin-fondo.png\",\"contentUrl\":\"http:\/\/olihueso.es\/Inicio\/wp-content\/uploads\/2021\/03\/Hoja-sin-fondo.png\",\"width\":112,\"height\":153,\"caption\":\"OLIHUESO S.L\"},\"image\":{\"@id\":\"https:\/\/olihueso.es\/Inicio\/#\/schema\/logo\/image\/\"}}]}<\/script>\n<!-- \/ Yoast SEO plugin. -->","yoast_head_json":{"title":"Otros productos combustibles | Olihueso","robots":{"index":"index","follow":"follow","max-snippet":"max-snippet:-1","max-image-preview":"max-image-preview:large","max-video-preview":"max-video-preview:-1"},"canonical":"https:\/\/olihueso.es\/Inicio\/otros-productos\/","og_locale":"es_ES","og_type":"article","og_title":"Otros productos combustibles | Olihueso","og_description":"C\u00e1scara de Almendra Otra de las alternativas m\u00e1s utilizadas como productos combustibles es la c\u00e1scara de almendra. Se trata de un combustible limpio, econ\u00f3mico y con un elevado poder calor\u00edfico. Como otros productos combustibles como el hueso de aceituna o el pellet, es 100% natural por lo que se trata de un combustible cuidadoso con ... Leer m\u00e1s","og_url":"https:\/\/olihueso.es\/Inicio\/otros-productos\/","og_site_name":"Olihueso | Hueso de Aceituna","article_modified_time":"2021-10-29T12:19:41+00:00","og_image":[{"width":1900,"height":1069,"url":"https:\/\/olihueso.es\/Inicio\/wp-content\/uploads\/2021\/10\/cascara-de-almendra.jpeg","type":"image\/jpeg"}],"twitter_card":"summary_large_image","twitter_misc":{"Tiempo de lectura":"2 minutos"},"schema":{"@context":"https:\/\/schema.org","@graph":[{"@type":"WebPage","@id":"https:\/\/olihueso.es\/Inicio\/otros-productos\/","url":"https:\/\/olihueso.es\/Inicio\/otros-productos\/","name":"Otros productos combustibles | Olihueso","isPartOf":{"@id":"https:\/\/olihueso.es\/Inicio\/#website"},"primaryImageOfPage":{"@id":"https:\/\/olihueso.es\/Inicio\/otros-productos\/#primaryimage"},"image":{"@id":"https:\/\/olihueso.es\/Inicio\/otros-productos\/#primaryimage"},"thumbnailUrl":"https:\/\/olihueso.es\/Inicio\/wp-content\/uploads\/2021\/10\/cascara-de-almendra.jpeg","datePublished":"2021-06-21T12:29:02+00:00","dateModified":"2021-10-29T12:19:41+00:00","breadcrumb":{"@id":"https:\/\/olihueso.es\/Inicio\/otros-productos\/#breadcrumb"},"inLanguage":"es","potentialAction":[{"@type":"ReadAction","target":["https:\/\/olihueso.es\/Inicio\/otros-productos\/"]}]},{"@type":"ImageObject","inLanguage":"es","@id":"https:\/\/olihueso.es\/Inicio\/otros-productos\/#primaryimage","url":"https:\/\/olihueso.es\/Inicio\/wp-content\/uploads\/2021\/10\/cascara-de-almendra.jpeg","contentUrl":"https:\/\/olihueso.es\/Inicio\/wp-content\/uploads\/2021\/10\/cascara-de-almendra.jpeg","width":1900,"height":1069},{"@type":"BreadcrumbList","@id":"https:\/\/olihueso.es\/Inicio\/otros-productos\/#breadcrumb","itemListElement":[{"@type":"ListItem","position":1,"name":"Portada","item":"https:\/\/olihueso.es\/Inicio\/"},{"@type":"ListItem","position":2,"name":"Otros productos combustibles"}]},{"@type":"WebSite","@id":"https:\/\/olihueso.es\/Inicio\/#website","url":"https:\/\/olihueso.es\/Inicio\/","name":"Olihueso | Hueso de Aceituna","description":"Venta de Hueso de Aceituna para estufas y calderas","publisher":{"@id":"https:\/\/olihueso.es\/Inicio\/#organization"},"potentialAction":[{"@type":"SearchAction","target":{"@type":"EntryPoint","urlTemplate":"https:\/\/olihueso.es\/Inicio\/?s={search_term_string}"},"query-input":{"@type":"PropertyValueSpecification","valueRequired":true,"valueName":"search_term_string"}}],"inLanguage":"es"},{"@type":"Organization","@id":"https:\/\/olihueso.es\/Inicio\/#organization","name":"OLIHUESO S.L","url":"https:\/\/olihueso.es\/Inicio\/","logo":{"@type":"ImageObject","inLanguage":"es","@id":"https:\/\/olihueso.es\/Inicio\/#\/schema\/logo\/image\/","url":"http:\/\/olihueso.es\/Inicio\/wp-content\/uploads\/2021\/03\/Hoja-sin-fondo.png","contentUrl":"http:\/\/olihueso.es\/Inicio\/wp-content\/uploads\/2021\/03\/Hoja-sin-fondo.png","width":112,"height":153,"caption":"OLIHUESO S.L"},"image":{"@id":"https:\/\/olihueso.es\/Inicio\/#\/schema\/logo\/image\/"}}]}},"_links":{"self":[{"href":"https:\/\/olihueso.es\/Inicio\/wp-json\/wp\/v2\/pages\/103","targetHints":{"allow":["GET"]}}],"collection":[{"href":"https:\/\/olihueso.es\/Inicio\/wp-json\/wp\/v2\/pages"}],"about":[{"href":"https:\/\/olihueso.es\/Inicio\/wp-json\/wp\/v2\/types\/page"}],"author":[{"embeddable":true,"href":"https:\/\/olihueso.es\/Inicio\/wp-json\/wp\/v2\/users\/2"}],"replies":[{"embeddable":true,"href":"https:\/\/olihueso.es\/Inicio\/wp-json\/wp\/v2\/comments?post=103"}],"version-history":[{"count":6,"href":"https:\/\/olihueso.es\/Inicio\/wp-json\/wp\/v2\/pages\/103\/revisions"}],"predecessor-version":[{"id":533,"href":"https:\/\/olihueso.es\/Inicio\/wp-json\/wp\/v2\/pages\/103\/revisions\/533"}],"wp:featuredmedia":[{"embeddable":true,"href":"https:\/\/olihueso.es\/Inicio\/wp-json\/wp\/v2\/media\/490"}],"wp:attachment":[{"href":"https:\/\/olihueso.es\/Inicio\/wp-json\/wp\/v2\/media?parent=103"}],"curies":[{"name":"wp","href":"https:\/\/api.w.org\/{rel}","templated":true}]}}